

{"id":5539,"date":"2020-05-08T14:56:38","date_gmt":"2020-05-08T12:56:38","guid":{"rendered":"https:\/\/goodboards.eu\/produkt\/faphito\/"},"modified":"2021-12-22T11:42:23","modified_gmt":"2021-12-22T10:42:23","slug":"faphito","status":"publish","type":"product","link":"https:\/\/staging.goodboards.eu\/fr\/produkt\/faphito\/","title":{"rendered":"FAPHITO"},"content":{"rendered":"","protected":false},"excerpt":{"rendered":"<p>Planche de freeride extra l\u00e9g\u00e8re et \u00e9troite pour les femmes et les enfants<\/p>\n","protected":false},"featured_media":8533,"template":"","meta":{"_acf_changed":false},"product_brand":[],"product_cat":[188],"product_tag":[],"class_list":{"0":"post-5539","1":"product","2":"type-product","3":"status-publish","4":"has-post-thumbnail","6":"product_cat-kiteboards-fr","8":"first","9":"instock","10":"taxable","11":"shipping-taxable","12":"purchasable","13":"product-type-variable"},"acf":[],"yoast_head":"<!-- This site is optimized with the Yoast SEO plugin v24.6 - https:\/\/yoast.com\/wordpress\/plugins\/seo\/ -->\n<title>FAPHITO - Goodboards<\/title>\n<meta name=\"robots\" content=\"noindex, follow, max-snippet:-1, max-image-preview:large, max-video-preview:-1\" \/>\n<meta property=\"og:locale\" content=\"fr_FR\" \/>\n<meta property=\"og:type\" content=\"article\" \/>\n<meta property=\"og:title\" content=\"FAPHITO - Goodboards\" \/>\n<meta property=\"og:description\" content=\"Planche de freeride extra l\u00e9g\u00e8re et \u00e9troite pour les femmes et les enfants\" \/>\n<meta property=\"og:url\" content=\"https:\/\/staging.goodboards.eu\/fr\/produkt\/faphito\/\" \/>\n<meta property=\"og:site_name\" content=\"Goodboards\" \/>\n<meta property=\"article:modified_time\" content=\"2021-12-22T10:42:23+00:00\" \/>\n<meta property=\"og:image\" content=\"https:\/\/staging.goodboards.eu\/app\/uploads\/2020\/05\/Faphito.png\" \/>\n\t<meta property=\"og:image:width\" content=\"530\" \/>\n\t<meta property=\"og:image:height\" content=\"1000\" \/>\n\t<meta property=\"og:image:type\" content=\"image\/png\" \/>\n<meta name=\"twitter:card\" content=\"summary_large_image\" \/>\n<script type=\"application\/ld+json\" class=\"yoast-schema-graph\">{\"@context\":\"https:\/\/schema.org\",\"@graph\":[{\"@type\":\"WebPage\",\"@id\":\"https:\/\/staging.goodboards.eu\/fr\/produkt\/faphito\/\",\"url\":\"https:\/\/staging.goodboards.eu\/fr\/produkt\/faphito\/\",\"name\":\"FAPHITO - Goodboards\",\"isPartOf\":{\"@id\":\"https:\/\/staging.goodboards.eu\/#website\"},\"primaryImageOfPage\":{\"@id\":\"https:\/\/staging.goodboards.eu\/fr\/produkt\/faphito\/#primaryimage\"},\"image\":{\"@id\":\"https:\/\/staging.goodboards.eu\/fr\/produkt\/faphito\/#primaryimage\"},\"thumbnailUrl\":\"https:\/\/staging.goodboards.eu\/app\/uploads\/2020\/05\/Faphito.png\",\"datePublished\":\"2020-05-08T12:56:38+00:00\",\"dateModified\":\"2021-12-22T10:42:23+00:00\",\"breadcrumb\":{\"@id\":\"https:\/\/staging.goodboards.eu\/fr\/produkt\/faphito\/#breadcrumb\"},\"inLanguage\":\"fr-FR\",\"potentialAction\":[{\"@type\":\"ReadAction\",\"target\":[\"https:\/\/staging.goodboards.eu\/fr\/produkt\/faphito\/\"]}]},{\"@type\":\"ImageObject\",\"inLanguage\":\"fr-FR\",\"@id\":\"https:\/\/staging.goodboards.eu\/fr\/produkt\/faphito\/#primaryimage\",\"url\":\"https:\/\/staging.goodboards.eu\/app\/uploads\/2020\/05\/Faphito.png\",\"contentUrl\":\"https:\/\/staging.goodboards.eu\/app\/uploads\/2020\/05\/Faphito.png\",\"width\":530,\"height\":1000},{\"@type\":\"BreadcrumbList\",\"@id\":\"https:\/\/staging.goodboards.eu\/fr\/produkt\/faphito\/#breadcrumb\",\"itemListElement\":[{\"@type\":\"ListItem\",\"position\":1,\"name\":\"Startseite\",\"item\":\"https:\/\/staging.goodboards.eu\/\"},{\"@type\":\"ListItem\",\"position\":2,\"name\":\"FAPHITO\"}]},{\"@type\":\"WebSite\",\"@id\":\"https:\/\/staging.goodboards.eu\/#website\",\"url\":\"https:\/\/staging.goodboards.eu\/\",\"name\":\"Goodboards\",\"description\":\"\",\"potentialAction\":[{\"@type\":\"SearchAction\",\"target\":{\"@type\":\"EntryPoint\",\"urlTemplate\":\"https:\/\/staging.goodboards.eu\/?s={search_term_string}\"},\"query-input\":{\"@type\":\"PropertyValueSpecification\",\"valueRequired\":true,\"valueName\":\"search_term_string\"}}],\"inLanguage\":\"fr-FR\"}]}<\/script>\n<!-- \/ Yoast SEO plugin. -->","yoast_head_json":{"title":"FAPHITO - Goodboards","robots":{"index":"noindex","follow":"follow","max-snippet":"max-snippet:-1","max-image-preview":"max-image-preview:large","max-video-preview":"max-video-preview:-1"},"og_locale":"fr_FR","og_type":"article","og_title":"FAPHITO - Goodboards","og_description":"Planche de freeride extra l\u00e9g\u00e8re et \u00e9troite pour les femmes et les enfants","og_url":"https:\/\/staging.goodboards.eu\/fr\/produkt\/faphito\/","og_site_name":"Goodboards","article_modified_time":"2021-12-22T10:42:23+00:00","og_image":[{"width":530,"height":1000,"url":"https:\/\/staging.goodboards.eu\/app\/uploads\/2020\/05\/Faphito.png","type":"image\/png"}],"twitter_card":"summary_large_image","schema":{"@context":"https:\/\/schema.org","@graph":[{"@type":"WebPage","@id":"https:\/\/staging.goodboards.eu\/fr\/produkt\/faphito\/","url":"https:\/\/staging.goodboards.eu\/fr\/produkt\/faphito\/","name":"FAPHITO - Goodboards","isPartOf":{"@id":"https:\/\/staging.goodboards.eu\/#website"},"primaryImageOfPage":{"@id":"https:\/\/staging.goodboards.eu\/fr\/produkt\/faphito\/#primaryimage"},"image":{"@id":"https:\/\/staging.goodboards.eu\/fr\/produkt\/faphito\/#primaryimage"},"thumbnailUrl":"https:\/\/staging.goodboards.eu\/app\/uploads\/2020\/05\/Faphito.png","datePublished":"2020-05-08T12:56:38+00:00","dateModified":"2021-12-22T10:42:23+00:00","breadcrumb":{"@id":"https:\/\/staging.goodboards.eu\/fr\/produkt\/faphito\/#breadcrumb"},"inLanguage":"fr-FR","potentialAction":[{"@type":"ReadAction","target":["https:\/\/staging.goodboards.eu\/fr\/produkt\/faphito\/"]}]},{"@type":"ImageObject","inLanguage":"fr-FR","@id":"https:\/\/staging.goodboards.eu\/fr\/produkt\/faphito\/#primaryimage","url":"https:\/\/staging.goodboards.eu\/app\/uploads\/2020\/05\/Faphito.png","contentUrl":"https:\/\/staging.goodboards.eu\/app\/uploads\/2020\/05\/Faphito.png","width":530,"height":1000},{"@type":"BreadcrumbList","@id":"https:\/\/staging.goodboards.eu\/fr\/produkt\/faphito\/#breadcrumb","itemListElement":[{"@type":"ListItem","position":1,"name":"Startseite","item":"https:\/\/staging.goodboards.eu\/"},{"@type":"ListItem","position":2,"name":"FAPHITO"}]},{"@type":"WebSite","@id":"https:\/\/staging.goodboards.eu\/#website","url":"https:\/\/staging.goodboards.eu\/","name":"Goodboards","description":"","potentialAction":[{"@type":"SearchAction","target":{"@type":"EntryPoint","urlTemplate":"https:\/\/staging.goodboards.eu\/?s={search_term_string}"},"query-input":{"@type":"PropertyValueSpecification","valueRequired":true,"valueName":"search_term_string"}}],"inLanguage":"fr-FR"}]}},"_links":{"self":[{"href":"https:\/\/staging.goodboards.eu\/fr\/wp-json\/wp\/v2\/product\/5539","targetHints":{"allow":["GET"]}}],"collection":[{"href":"https:\/\/staging.goodboards.eu\/fr\/wp-json\/wp\/v2\/product"}],"about":[{"href":"https:\/\/staging.goodboards.eu\/fr\/wp-json\/wp\/v2\/types\/product"}],"wp:featuredmedia":[{"embeddable":true,"href":"https:\/\/staging.goodboards.eu\/fr\/wp-json\/wp\/v2\/media\/8533"}],"wp:attachment":[{"href":"https:\/\/staging.goodboards.eu\/fr\/wp-json\/wp\/v2\/media?parent=5539"}],"wp:term":[{"taxonomy":"product_brand","embeddable":true,"href":"https:\/\/staging.goodboards.eu\/fr\/wp-json\/wp\/v2\/product_brand?post=5539"},{"taxonomy":"product_cat","embeddable":true,"href":"https:\/\/staging.goodboards.eu\/fr\/wp-json\/wp\/v2\/product_cat?post=5539"},{"taxonomy":"product_tag","embeddable":true,"href":"https:\/\/staging.goodboards.eu\/fr\/wp-json\/wp\/v2\/product_tag?post=5539"}],"curies":[{"name":"wp","href":"https:\/\/api.w.org\/{rel}","templated":true}]}}